{"id":71467,"date":"2026-01-15T09:37:14","date_gmt":"2026-01-15T08:37:14","guid":{"rendered":"https:\/\/www.arcusin.com\/?post_type=product&#038;p=71467"},"modified":"2026-03-09T09:51:59","modified_gmt":"2026-03-09T08:51:59","slug":"casquette-arcusin-snapback-grise","status":"publish","type":"product","link":"https:\/\/www.arcusin.com\/fr\/produit\/casquette-arcusin-snapback-grise\/","title":{"rendered":"CASQUETTE ARCUSIN SNAPBACK GRISE"},"content":{"rendered":"","protected":false},"excerpt":{"rendered":"<p>Casquette snapback originale inspir\u00e9e des couvre-chefs am\u00e9ricains classiques. Construction \u00e0 six panneaux\u00a0: panneaux avant structur\u00e9s, dos en maille et logo ARCUSIN brod\u00e9.<\/p>\n","protected":false},"featured_media":71470,"comment_status":"closed","ping_status":"closed","template":"","meta":{"content-type":""},"product_brand":[],"product_cat":[567],"product_tag":[],"class_list":{"0":"post-71467","1":"product","2":"type-product","3":"status-publish","4":"has-post-thumbnail","6":"product_cat-produits-derives","8":"first","9":"outofstock","10":"taxable","11":"shipping-taxable","12":"purchasable","13":"product-type-simple"},"_links":{"self":[{"href":"https:\/\/www.arcusin.com\/fr\/wp-json\/wp\/v2\/product\/71467","targetHints":{"allow":["GET"]}}],"collection":[{"href":"https:\/\/www.arcusin.com\/fr\/wp-json\/wp\/v2\/product"}],"about":[{"href":"https:\/\/www.arcusin.com\/fr\/wp-json\/wp\/v2\/types\/product"}],"replies":[{"embeddable":true,"href":"https:\/\/www.arcusin.com\/fr\/wp-json\/wp\/v2\/comments?post=71467"}],"wp:featuredmedia":[{"embeddable":true,"href":"https:\/\/www.arcusin.com\/fr\/wp-json\/wp\/v2\/media\/71470"}],"wp:attachment":[{"href":"https:\/\/www.arcusin.com\/fr\/wp-json\/wp\/v2\/media?parent=71467"}],"wp:term":[{"taxonomy":"product_brand","embeddable":true,"href":"https:\/\/www.arcusin.com\/fr\/wp-json\/wp\/v2\/product_brand?post=71467"},{"taxonomy":"product_cat","embeddable":true,"href":"https:\/\/www.arcusin.com\/fr\/wp-json\/wp\/v2\/product_cat?post=71467"},{"taxonomy":"product_tag","embeddable":true,"href":"https:\/\/www.arcusin.com\/fr\/wp-json\/wp\/v2\/product_tag?post=71467"}],"curies":[{"name":"wp","href":"https:\/\/api.w.org\/{rel}","templated":true}]}}