{"id":71431,"date":"2026-01-15T09:51:20","date_gmt":"2026-01-15T08:51:20","guid":{"rendered":"https:\/\/www.arcusin.com\/?post_type=product&#038;p=71431"},"modified":"2026-03-06T14:23:35","modified_gmt":"2026-03-06T13:23:35","slug":"veste-bomber-legere-arcusin-gris-unisexe","status":"publish","type":"product","link":"https:\/\/www.arcusin.com\/fr\/produit\/veste-bomber-legere-arcusin-gris-unisexe\/","title":{"rendered":"VESTE BOMBER L\u00c9G\u00c8RE ARCUSIN GRIS UNISEXE"},"content":{"rendered":"","protected":false},"excerpt":{"rendered":"<p>Blouson aviateur l\u00e9ger unisexe \u00e0 la coupe \u00e9pur\u00e9e et moderne, con\u00e7u comme une pi\u00e8ce facile \u00e0 porter au quotidien en milieu urbain.<\/p>\n","protected":false},"featured_media":71433,"comment_status":"closed","ping_status":"closed","template":"","meta":{"content-type":""},"product_brand":[],"product_cat":[567],"product_tag":[],"class_list":{"0":"post-71431","1":"product","2":"type-product","3":"status-publish","4":"has-post-thumbnail","6":"product_cat-produits-derives","8":"first","9":"outofstock","10":"taxable","11":"shipping-taxable","12":"purchasable","13":"product-type-simple"},"_links":{"self":[{"href":"https:\/\/www.arcusin.com\/fr\/wp-json\/wp\/v2\/product\/71431","targetHints":{"allow":["GET"]}}],"collection":[{"href":"https:\/\/www.arcusin.com\/fr\/wp-json\/wp\/v2\/product"}],"about":[{"href":"https:\/\/www.arcusin.com\/fr\/wp-json\/wp\/v2\/types\/product"}],"replies":[{"embeddable":true,"href":"https:\/\/www.arcusin.com\/fr\/wp-json\/wp\/v2\/comments?post=71431"}],"wp:featuredmedia":[{"embeddable":true,"href":"https:\/\/www.arcusin.com\/fr\/wp-json\/wp\/v2\/media\/71433"}],"wp:attachment":[{"href":"https:\/\/www.arcusin.com\/fr\/wp-json\/wp\/v2\/media?parent=71431"}],"wp:term":[{"taxonomy":"product_brand","embeddable":true,"href":"https:\/\/www.arcusin.com\/fr\/wp-json\/wp\/v2\/product_brand?post=71431"},{"taxonomy":"product_cat","embeddable":true,"href":"https:\/\/www.arcusin.com\/fr\/wp-json\/wp\/v2\/product_cat?post=71431"},{"taxonomy":"product_tag","embeddable":true,"href":"https:\/\/www.arcusin.com\/fr\/wp-json\/wp\/v2\/product_tag?post=71431"}],"curies":[{"name":"wp","href":"https:\/\/api.w.org\/{rel}","templated":true}]}}