{"id":71419,"date":"2026-01-15T09:53:50","date_gmt":"2026-01-15T08:53:50","guid":{"rendered":"https:\/\/www.arcusin.com\/?post_type=product&#038;p=71419"},"modified":"2026-03-06T14:03:10","modified_gmt":"2026-03-06T13:03:10","slug":"veste-en-jean-vintage-arcusin-unisexe","status":"publish","type":"product","link":"https:\/\/www.arcusin.com\/fr\/produit\/veste-en-jean-vintage-arcusin-unisexe\/","title":{"rendered":"VESTE EN JEAN VINTAGE ARCUSIN UNISEXE"},"content":{"rendered":"","protected":false},"excerpt":{"rendered":"<p>Veste en jean vintage en \u00e9dition limit\u00e9e, orn\u00e9e d&rsquo;\u00e9cussons brod\u00e9s \u00e0 la main reprenant les logos embl\u00e9matiques des machines ARCUSIN\u00a0: Autostack, Forstack et Multipack.<\/p>\n","protected":false},"featured_media":71416,"comment_status":"closed","ping_status":"closed","template":"","meta":{"content-type":""},"product_brand":[],"product_cat":[567],"product_tag":[],"class_list":{"0":"post-71419","1":"product","2":"type-product","3":"status-publish","4":"has-post-thumbnail","6":"product_cat-produits-derives","8":"first","9":"outofstock","10":"taxable","11":"shipping-taxable","12":"purchasable","13":"product-type-simple"},"_links":{"self":[{"href":"https:\/\/www.arcusin.com\/fr\/wp-json\/wp\/v2\/product\/71419","targetHints":{"allow":["GET"]}}],"collection":[{"href":"https:\/\/www.arcusin.com\/fr\/wp-json\/wp\/v2\/product"}],"about":[{"href":"https:\/\/www.arcusin.com\/fr\/wp-json\/wp\/v2\/types\/product"}],"replies":[{"embeddable":true,"href":"https:\/\/www.arcusin.com\/fr\/wp-json\/wp\/v2\/comments?post=71419"}],"wp:featuredmedia":[{"embeddable":true,"href":"https:\/\/www.arcusin.com\/fr\/wp-json\/wp\/v2\/media\/71416"}],"wp:attachment":[{"href":"https:\/\/www.arcusin.com\/fr\/wp-json\/wp\/v2\/media?parent=71419"}],"wp:term":[{"taxonomy":"product_brand","embeddable":true,"href":"https:\/\/www.arcusin.com\/fr\/wp-json\/wp\/v2\/product_brand?post=71419"},{"taxonomy":"product_cat","embeddable":true,"href":"https:\/\/www.arcusin.com\/fr\/wp-json\/wp\/v2\/product_cat?post=71419"},{"taxonomy":"product_tag","embeddable":true,"href":"https:\/\/www.arcusin.com\/fr\/wp-json\/wp\/v2\/product_tag?post=71419"}],"curies":[{"name":"wp","href":"https:\/\/api.w.org\/{rel}","templated":true}]}}