{"id":71361,"date":"2026-01-15T10:00:37","date_gmt":"2026-01-15T09:00:37","guid":{"rendered":"https:\/\/www.arcusin.com\/?post_type=product&#038;p=71361"},"modified":"2026-03-06T13:30:26","modified_gmt":"2026-03-06T12:30:26","slug":"arcusin-sous-nuque-imprime-abstrait","status":"publish","type":"product","link":"https:\/\/www.arcusin.com\/fr\/produit\/arcusin-sous-nuque-imprime-abstrait\/","title":{"rendered":"ARCUSIN SOUS-NUQUE IMPRIM\u00c9 ABSTRAIT"},"content":{"rendered":"","protected":false},"excerpt":{"rendered":"<p>Cache-cou en \u00e9dition limit\u00e9e, fabriqu\u00e9 \u00e0 Barcelone, compos\u00e9 \u00e0 95 % de coton recycl\u00e9. Confortable, polyvalent et dot\u00e9 d&rsquo;une protection solaire UPF 50.<\/p>\n","protected":false},"featured_media":71364,"comment_status":"closed","ping_status":"closed","template":"","meta":{"content-type":""},"product_brand":[],"product_cat":[567],"product_tag":[],"class_list":{"0":"post-71361","1":"product","2":"type-product","3":"status-publish","4":"has-post-thumbnail","6":"product_cat-produits-derives","8":"first","9":"outofstock","10":"taxable","11":"shipping-taxable","12":"purchasable","13":"product-type-simple"},"_links":{"self":[{"href":"https:\/\/www.arcusin.com\/fr\/wp-json\/wp\/v2\/product\/71361","targetHints":{"allow":["GET"]}}],"collection":[{"href":"https:\/\/www.arcusin.com\/fr\/wp-json\/wp\/v2\/product"}],"about":[{"href":"https:\/\/www.arcusin.com\/fr\/wp-json\/wp\/v2\/types\/product"}],"replies":[{"embeddable":true,"href":"https:\/\/www.arcusin.com\/fr\/wp-json\/wp\/v2\/comments?post=71361"}],"wp:featuredmedia":[{"embeddable":true,"href":"https:\/\/www.arcusin.com\/fr\/wp-json\/wp\/v2\/media\/71364"}],"wp:attachment":[{"href":"https:\/\/www.arcusin.com\/fr\/wp-json\/wp\/v2\/media?parent=71361"}],"wp:term":[{"taxonomy":"product_brand","embeddable":true,"href":"https:\/\/www.arcusin.com\/fr\/wp-json\/wp\/v2\/product_brand?post=71361"},{"taxonomy":"product_cat","embeddable":true,"href":"https:\/\/www.arcusin.com\/fr\/wp-json\/wp\/v2\/product_cat?post=71361"},{"taxonomy":"product_tag","embeddable":true,"href":"https:\/\/www.arcusin.com\/fr\/wp-json\/wp\/v2\/product_tag?post=71361"}],"curies":[{"name":"wp","href":"https:\/\/api.w.org\/{rel}","templated":true}]}}