{"id":71337,"date":"2026-01-15T10:04:20","date_gmt":"2026-01-15T09:04:20","guid":{"rendered":"https:\/\/www.arcusin.com\/?post_type=product&#038;p=71337"},"modified":"2026-03-06T11:44:35","modified_gmt":"2026-03-06T10:44:35","slug":"serviette-logo-arcusin","status":"publish","type":"product","link":"https:\/\/www.arcusin.com\/fr\/produit\/serviette-logo-arcusin\/","title":{"rendered":"SERVIETTE LOGO ARCUSIN"},"content":{"rendered":"","protected":false},"excerpt":{"rendered":"<p>Serviette l\u00e9g\u00e8re en microfibre avec logo ARCUSIN imprim\u00e9 en continu, id\u00e9ale pour la piscine et le sport.<\/p>\n","protected":false},"featured_media":71340,"comment_status":"closed","ping_status":"closed","template":"","meta":{"content-type":""},"product_brand":[],"product_cat":[567],"product_tag":[],"class_list":{"0":"post-71337","1":"product","2":"type-product","3":"status-publish","4":"has-post-thumbnail","6":"product_cat-produits-derives","8":"first","9":"outofstock","10":"taxable","11":"shipping-taxable","12":"purchasable","13":"product-type-simple"},"_links":{"self":[{"href":"https:\/\/www.arcusin.com\/fr\/wp-json\/wp\/v2\/product\/71337","targetHints":{"allow":["GET"]}}],"collection":[{"href":"https:\/\/www.arcusin.com\/fr\/wp-json\/wp\/v2\/product"}],"about":[{"href":"https:\/\/www.arcusin.com\/fr\/wp-json\/wp\/v2\/types\/product"}],"replies":[{"embeddable":true,"href":"https:\/\/www.arcusin.com\/fr\/wp-json\/wp\/v2\/comments?post=71337"}],"wp:featuredmedia":[{"embeddable":true,"href":"https:\/\/www.arcusin.com\/fr\/wp-json\/wp\/v2\/media\/71340"}],"wp:attachment":[{"href":"https:\/\/www.arcusin.com\/fr\/wp-json\/wp\/v2\/media?parent=71337"}],"wp:term":[{"taxonomy":"product_brand","embeddable":true,"href":"https:\/\/www.arcusin.com\/fr\/wp-json\/wp\/v2\/product_brand?post=71337"},{"taxonomy":"product_cat","embeddable":true,"href":"https:\/\/www.arcusin.com\/fr\/wp-json\/wp\/v2\/product_cat?post=71337"},{"taxonomy":"product_tag","embeddable":true,"href":"https:\/\/www.arcusin.com\/fr\/wp-json\/wp\/v2\/product_tag?post=71337"}],"curies":[{"name":"wp","href":"https:\/\/api.w.org\/{rel}","templated":true}]}}