{"id":71324,"date":"2026-01-21T09:26:58","date_gmt":"2026-01-21T08:26:58","guid":{"rendered":"https:\/\/www.arcusin.com\/product\/t-shirt-arcusin-logo-noir-unisexe\/"},"modified":"2026-03-06T11:18:10","modified_gmt":"2026-03-06T10:18:10","slug":"t-shirt-arcusin-logo-noir-unisexe","status":"publish","type":"product","link":"https:\/\/www.arcusin.com\/fr\/produit\/t-shirt-arcusin-logo-noir-unisexe\/","title":{"rendered":"T-SHIRT ARCUSIN LOGO NOIR UNISEXE"},"content":{"rendered":"","protected":false},"excerpt":{"rendered":"<p>T-shirt unisexe en coton \u00e0 la silhouette intemporelle, orn\u00e9 du logo ARCUSIN imprim\u00e9 \u00e0 l&rsquo;avant et \u00e0 l&rsquo;arri\u00e8re.<\/p>\n","protected":false},"featured_media":71326,"comment_status":"closed","ping_status":"closed","template":"","meta":{"content-type":""},"product_brand":[],"product_cat":[567],"product_tag":[],"class_list":{"0":"post-71324","1":"product","2":"type-product","3":"status-publish","4":"has-post-thumbnail","6":"product_cat-produits-derives","8":"first","9":"outofstock","10":"taxable","11":"shipping-taxable","12":"purchasable","13":"product-type-simple"},"_links":{"self":[{"href":"https:\/\/www.arcusin.com\/fr\/wp-json\/wp\/v2\/product\/71324","targetHints":{"allow":["GET"]}}],"collection":[{"href":"https:\/\/www.arcusin.com\/fr\/wp-json\/wp\/v2\/product"}],"about":[{"href":"https:\/\/www.arcusin.com\/fr\/wp-json\/wp\/v2\/types\/product"}],"replies":[{"embeddable":true,"href":"https:\/\/www.arcusin.com\/fr\/wp-json\/wp\/v2\/comments?post=71324"}],"wp:featuredmedia":[{"embeddable":true,"href":"https:\/\/www.arcusin.com\/fr\/wp-json\/wp\/v2\/media\/71326"}],"wp:attachment":[{"href":"https:\/\/www.arcusin.com\/fr\/wp-json\/wp\/v2\/media?parent=71324"}],"wp:term":[{"taxonomy":"product_brand","embeddable":true,"href":"https:\/\/www.arcusin.com\/fr\/wp-json\/wp\/v2\/product_brand?post=71324"},{"taxonomy":"product_cat","embeddable":true,"href":"https:\/\/www.arcusin.com\/fr\/wp-json\/wp\/v2\/product_cat?post=71324"},{"taxonomy":"product_tag","embeddable":true,"href":"https:\/\/www.arcusin.com\/fr\/wp-json\/wp\/v2\/product_tag?post=71324"}],"curies":[{"name":"wp","href":"https:\/\/api.w.org\/{rel}","templated":true}]}}