{"id":71304,"date":"2026-01-21T09:32:27","date_gmt":"2026-01-21T08:32:27","guid":{"rendered":"https:\/\/www.arcusin.com\/?post_type=product&#038;p=71304"},"modified":"2026-03-06T10:43:47","modified_gmt":"2026-03-06T09:43:47","slug":"carnet-arcusin","status":"publish","type":"product","link":"https:\/\/www.arcusin.com\/fr\/produit\/carnet-arcusin\/","title":{"rendered":"CARNET ARCUSIN"},"content":{"rendered":"","protected":false},"excerpt":{"rendered":"<p><span style=\"font-weight: 400;\">\u00a0Carnet \u00e0 spirales avec pages quadrill\u00e9es, con\u00e7u pour un usage quotidien et dot\u00e9 de la marque ARCUSIN.<\/span><\/p>\n","protected":false},"featured_media":71305,"comment_status":"closed","ping_status":"closed","template":"","meta":{"content-type":""},"product_brand":[],"product_cat":[567],"product_tag":[],"class_list":{"0":"post-71304","1":"product","2":"type-product","3":"status-publish","4":"has-post-thumbnail","6":"product_cat-produits-derives","8":"first","9":"outofstock","10":"taxable","11":"shipping-taxable","12":"purchasable","13":"product-type-simple"},"_links":{"self":[{"href":"https:\/\/www.arcusin.com\/fr\/wp-json\/wp\/v2\/product\/71304","targetHints":{"allow":["GET"]}}],"collection":[{"href":"https:\/\/www.arcusin.com\/fr\/wp-json\/wp\/v2\/product"}],"about":[{"href":"https:\/\/www.arcusin.com\/fr\/wp-json\/wp\/v2\/types\/product"}],"replies":[{"embeddable":true,"href":"https:\/\/www.arcusin.com\/fr\/wp-json\/wp\/v2\/comments?post=71304"}],"wp:featuredmedia":[{"embeddable":true,"href":"https:\/\/www.arcusin.com\/fr\/wp-json\/wp\/v2\/media\/71305"}],"wp:attachment":[{"href":"https:\/\/www.arcusin.com\/fr\/wp-json\/wp\/v2\/media?parent=71304"}],"wp:term":[{"taxonomy":"product_brand","embeddable":true,"href":"https:\/\/www.arcusin.com\/fr\/wp-json\/wp\/v2\/product_brand?post=71304"},{"taxonomy":"product_cat","embeddable":true,"href":"https:\/\/www.arcusin.com\/fr\/wp-json\/wp\/v2\/product_cat?post=71304"},{"taxonomy":"product_tag","embeddable":true,"href":"https:\/\/www.arcusin.com\/fr\/wp-json\/wp\/v2\/product_tag?post=71304"}],"curies":[{"name":"wp","href":"https:\/\/api.w.org\/{rel}","templated":true}]}}