{"id":38544,"date":"2022-12-28T10:12:30","date_gmt":"2022-12-28T10:12:30","guid":{"rendered":"http:\/\/www.arcusin.com\/privacy-policy\/"},"modified":"2023-06-05T07:55:49","modified_gmt":"2023-06-05T07:55:49","slug":"politique-de-confidentialite","status":"publish","type":"page","link":"https:\/\/www.arcusin.com\/fr\/politique-de-confidentialite\/","title":{"rendered":"Privacy Policy"},"content":{"rendered":"\t\t<div data-elementor-type=\"wp-page\" data-elementor-id=\"38544\" class=\"elementor elementor-38544 elementor-9913\" data-elementor-post-type=\"page\">\n\t\t\t\t\t\t<section class=\"elementor-section elementor-top-section elementor-element elementor-element-5178b25 elementor-section-boxed elementor-section-height-default elementor-section-height-default wpr-particle-no wpr-jarallax-no wpr-parallax-no wpr-sticky-section-no\" data-id=\"5178b25\" data-element_type=\"section\" data-e-type=\"section\">\n\t\t\t\t\t\t<div class=\"elementor-container elementor-column-gap-default\">\n\t\t\t\t\t<div class=\"elementor-column elementor-col-100 elementor-top-column elementor-element elementor-element-e4840da\" data-id=\"e4840da\" data-element_type=\"column\" data-e-type=\"column\" data-settings=\"{&quot;background_background&quot;:&quot;classic&quot;}\">\n\t\t\t<div class=\"elementor-widget-wrap elementor-element-populated\">\n\t\t\t\t\t\t<div class=\"elementor-element elementor-element-5d9491d elementor-widget elementor-widget-heading\" data-id=\"5d9491d\" data-element_type=\"widget\" data-e-type=\"widget\" data-widget_type=\"heading.default\">\n\t\t\t\t<div class=\"elementor-widget-container\">\n\t\t\t\t\t<h2 class=\"elementor-heading-title elementor-size-default\">POLITIQUE DE CONFIDENTIALIT\u00c9 <\/h2>\t\t\t\t<\/div>\n\t\t\t\t<\/div>\n\t\t\t\t\t<\/div>\n\t\t<\/div>\n\t\t\t\t\t<\/div>\n\t\t<\/section>\n\t\t\t\t<section class=\"elementor-section elementor-top-section elementor-element elementor-element-a47fe84 elementor-section-boxed elementor-section-height-default elementor-section-height-default wpr-particle-no wpr-jarallax-no wpr-parallax-no wpr-sticky-section-no\" data-id=\"a47fe84\" data-element_type=\"section\" data-e-type=\"section\">\n\t\t\t\t\t\t<div class=\"elementor-container elementor-column-gap-default\">\n\t\t\t\t\t<div class=\"elementor-column elementor-col-100 elementor-top-column elementor-element elementor-element-bf75e7c\" data-id=\"bf75e7c\" data-element_type=\"column\" data-e-type=\"column\">\n\t\t\t<div class=\"elementor-widget-wrap elementor-element-populated\">\n\t\t\t\t\t\t<div class=\"elementor-element elementor-element-1ceb4f7 elementor-widget elementor-widget-text-editor\" data-id=\"1ceb4f7\" data-element_type=\"widget\" data-e-type=\"widget\" data-widget_type=\"text-editor.default\">\n\t\t\t\t<div class=\"elementor-widget-container\">\n\t\t\t\t\t\t\t\t\t<ol><li><b><span data-contrast=\"auto\"> INFORMATIONS \u00c0 L&rsquo;UTILISATEUR<\/span><\/b><\/li><\/ol><p><b><span data-contrast=\"auto\">Qui est responsable du traitement de vos donn\u00e9es personnelles ?<\/span><\/b><span data-ccp-props=\"{&quot;201341983&quot;:0,&quot;335559739&quot;:160,&quot;335559740&quot;:259}\">\u00a0<\/span><\/p><p><span data-contrast=\"auto\">ARCUSIN S.A. est RESPONSABLE du traitement des donn\u00e9es personnelles de l&rsquo;UTILISATEUR et vous informe que ces donn\u00e9es seront trait\u00e9es conform\u00e9ment aux dispositions du r\u00e8glement (UE) 2016\/679 du 27 avril (RGPD) et de la loi organique 3\/2018 du 5 d\u00e9cembre (LOPDGDD).<\/span><span data-ccp-props=\"{&quot;201341983&quot;:0,&quot;335559739&quot;:160,&quot;335559740&quot;:259}\">\u00a0<\/span><\/p><p><span data-ccp-props=\"{&quot;201341983&quot;:0,&quot;335559739&quot;:160,&quot;335559740&quot;:259}\">\u00a0<\/span><\/p><p><b><span data-contrast=\"auto\">Pourquoi traitons-nous vos donn\u00e9es personnelles et pourquoi le faisons-nous ?<\/span><\/b><span data-ccp-props=\"{&quot;201341983&quot;:0,&quot;335559739&quot;:160,&quot;335559740&quot;:259}\">\u00a0<\/span><\/p><p><span data-contrast=\"auto\">Selon le formulaire o\u00f9 nous avons obtenu vos donn\u00e9es personnelles, nous les traiterons de mani\u00e8re confidentielle pour atteindre les objectifs suivants :<\/span><span data-ccp-props=\"{&quot;201341983&quot;:0,&quot;335559739&quot;:160,&quot;335559740&quot;:259}\">\u00a0<\/span><\/p><p><span data-ccp-props=\"{&quot;201341983&quot;:0,&quot;335559739&quot;:160,&quot;335559740&quot;:259}\">\u00a0<\/span><\/p><p><b><span data-contrast=\"auto\">Dans le formulaire de contact<\/span><\/b><span data-ccp-props=\"{&quot;201341983&quot;:0,&quot;335559739&quot;:160,&quot;335559740&quot;:259}\">\u00a0<\/span><\/p><ul><li><span data-contrast=\"auto\"> R\u00e9pondre aux questions ou \u00e0 tout type de demande formul\u00e9e par l&rsquo;utilisateur via l&rsquo;un des formulaires de contact mis \u00e0 disposition sur le site Web du responsable.<\/span><\/li><\/ul><p><span data-contrast=\"auto\">(pour l&rsquo;int\u00e9r\u00eat l\u00e9gitime du responsable, art. 6.1.f RGPD)<\/span><span data-ccp-props=\"{&quot;201341983&quot;:0,&quot;335559739&quot;:160,&quot;335559740&quot;:259}\">\u00a0<\/span><\/p><ul><li><span data-contrast=\"auto\"> Envoyer des communications publicitaires commerciales par e-mail, fax, SMS, MMS, r\u00e9seaux sociaux ou tout autre moyen \u00e9lectronique ou physique, pr\u00e9sent ou futur, permettant de r\u00e9aliser des communications commerciales. <\/span><span data-contrast=\"auto\">Ces communications seront faites par le responsable et seront li\u00e9es \u00e0 ses produits et services, ou \u00e0 ses collaborateurs ou fournisseurs, avec lesquels il a conclu un accord promotionnel. Dans ce cas, les tiers n&rsquo;auront jamais acc\u00e8s aux donn\u00e9es personnelles. <\/span><span data-contrast=\"auto\">(avec le consentement de l&rsquo;int\u00e9ress\u00e9, 6.1.a GDPR)<\/span><\/li><li><span data-contrast=\"auto\"> R\u00e9aliser des analyses statistiques et des \u00e9tudes de march\u00e9.<\/span><\/li><\/ul><p><span data-contrast=\"auto\">(pour l&rsquo;int\u00e9r\u00eat l\u00e9gitime du responsable, art. 6.1.f RGPD)<\/span><span data-ccp-props=\"{&quot;201341983&quot;:0,&quot;335559739&quot;:160,&quot;335559740&quot;:259}\">\u00a0<\/span><\/p><p><span data-ccp-props=\"{&quot;201341983&quot;:0,&quot;335559739&quot;:160,&quot;335559740&quot;:259}\">\u00a0<\/span><\/p><p><b><span data-contrast=\"auto\">Dans le formulaire Newsletter<\/span><\/b><span data-ccp-props=\"{&quot;201341983&quot;:0,&quot;335559739&quot;:160,&quot;335559740&quot;:259}\">\u00a0<\/span><\/p><ul><li><span data-contrast=\"auto\"> Envoyer des newsletters, des nouvelles, des offres et des promotions en ligne.<\/span><\/li><\/ul><p><span data-contrast=\"auto\">(avec le consentement de l&rsquo;int\u00e9ress\u00e9, 6.1.a GDPR)<\/span><span data-ccp-props=\"{&quot;201341983&quot;:0,&quot;335559739&quot;:160,&quot;335559740&quot;:259}\">\u00a0<\/span><\/p><p><span data-ccp-props=\"{&quot;201341983&quot;:0,&quot;335559739&quot;:160,&quot;335559740&quot;:259}\">\u00a0<\/span><\/p><p><b><span data-contrast=\"auto\">Combien de temps conserverons-nous vos donn\u00e9es personnelles ?<\/span><\/b><span data-ccp-props=\"{&quot;201341983&quot;:0,&quot;335559739&quot;:160,&quot;335559740&quot;:259}\">\u00a0<\/span><\/p><p><span data-contrast=\"auto\">Ils ne seront pas conserv\u00e9s plus longtemps que n\u00e9cessaire pour maintenir la fin du traitement ou s&rsquo;il existe des prescriptions l\u00e9gales qui dictent leur garde et lorsqu&rsquo;il n&rsquo;est plus n\u00e9cessaire de le faire, ils seront supprim\u00e9s avec des mesures de s\u00e9curit\u00e9 ad\u00e9quates pour garantir l&rsquo;anonymisation du donn\u00e9es ou la destruction totale.<\/span><span data-ccp-props=\"{&quot;201341983&quot;:0,&quot;335559739&quot;:160,&quot;335559740&quot;:259}\">\u00a0<\/span><\/p><p><span data-ccp-props=\"{&quot;201341983&quot;:0,&quot;335559739&quot;:160,&quot;335559740&quot;:259}\">\u00a0<\/span><\/p><p><b><span data-contrast=\"auto\">A qui fournissons-nous vos donn\u00e9es personnelles ?<\/span><\/b><span data-ccp-props=\"{&quot;201341983&quot;:0,&quot;335559739&quot;:160,&quot;335559740&quot;:259}\">\u00a0<\/span><\/p><p><span data-contrast=\"auto\">Aucune communication de donn\u00e9es personnelles \u00e0 des tiers n&rsquo;est pr\u00e9vue sauf, si n\u00e9cessaire pour l&rsquo;\u00e9laboration et l&rsquo;ex\u00e9cution des finalit\u00e9s du traitement, \u00e0 nos prestataires de services li\u00e9s aux communications, avec lesquels le RESPONSABLE a sign\u00e9 les contrats de confidentialit\u00e9 et de gestion des donn\u00e9es de traitement. requis par les r\u00e9glementations en vigueur en mati\u00e8re de confidentialit\u00e9.<\/span><span data-ccp-props=\"{&quot;201341983&quot;:0,&quot;335559739&quot;:160,&quot;335559740&quot;:259}\">\u00a0<\/span><\/p><p><span data-ccp-props=\"{&quot;201341983&quot;:0,&quot;335559739&quot;:160,&quot;335559740&quot;:259}\">\u00a0<\/span><\/p><p><b><span data-contrast=\"auto\">Quels sont vos droits ?<\/span><\/b><span data-ccp-props=\"{&quot;201341983&quot;:0,&quot;335559739&quot;:160,&quot;335559740&quot;:259}\">\u00a0<\/span><\/p><p><span data-contrast=\"auto\">Les droits qui assistent l&rsquo;UTILISATEUR sont :<\/span><span data-ccp-props=\"{&quot;201341983&quot;:0,&quot;335559739&quot;:160,&quot;335559740&quot;:259}\">\u00a0<\/span><\/p><ul><li><span data-contrast=\"auto\"> Droit de retirer son consentement \u00e0 tout moment.<\/span><\/li><li><span data-contrast=\"auto\"> Droit d&rsquo;acc\u00e8s, de rectification, de portabilit\u00e9 et de suppression de vos donn\u00e9es, et de limitation ou d&rsquo;opposition \u00e0 leur traitement.<\/span><\/li><li><span data-contrast=\"auto\"> Droit de d\u00e9poser une r\u00e9clamation aupr\u00e8s de l&rsquo;autorit\u00e9 de contr\u00f4le (www.aepd.es) si vous consid\u00e9rez que le traitement n&rsquo;est pas conforme \u00e0 la r\u00e9glementation en vigueur.<\/span><\/li><\/ul><p><span data-ccp-props=\"{&quot;201341983&quot;:0,&quot;335559739&quot;:160,&quot;335559740&quot;:259}\">\u00a0<\/span><\/p><p><b><span data-contrast=\"auto\">Coordonn\u00e9es pour exercer vos droits :<\/span><\/b><span data-ccp-props=\"{&quot;201341983&quot;:0,&quot;335559739&quot;:160,&quot;335559740&quot;:259}\">\u00a0<\/span><\/p><p><span data-contrast=\"auto\">ARCUSIN S.A. Poligono Ind. Pla de Urgell, Av. Merlet, 8 &#8211; 25245 Vilasana (Lleida). Courriel : protection@www.arcusin.com<\/span><span data-ccp-props=\"{&quot;201341983&quot;:0,&quot;335559739&quot;:160,&quot;335559740&quot;:259}\">\u00a0<\/span><\/p><p><span data-ccp-props=\"{&quot;201341983&quot;:0,&quot;335559739&quot;:160,&quot;335559740&quot;:259}\">\u00a0<\/span><\/p><ol start=\"2\"><li><b><span data-contrast=\"auto\"> CARACTERE OBLIGATOIRE OU FACULTATIF DES INFORMATIONS FOURNIES PAR L&rsquo;UTILISATEUR<\/span><\/b><\/li><\/ol><p><span data-contrast=\"auto\">Les UTILISATEURS, en cochant les cases correspondantes et en saisissant des donn\u00e9es dans les champs, marqu\u00e9s d&rsquo;un ast\u00e9risque (*) dans le formulaire de contact ou pr\u00e9sent\u00e9s dans les formulaires de t\u00e9l\u00e9chargement, acceptent express\u00e9ment et librement et sans \u00e9quivoque que leurs donn\u00e9es sont n\u00e9cessaires pour r\u00e9pondre \u00e0 votre demande, par le fournisseur, l&rsquo;inclusion de donn\u00e9es dans les champs restants \u00e9tant volontaire. L&rsquo;UTILISATEUR garantit que les donn\u00e9es personnelles fournies au CONTR\u00d4LEUR sont v\u00e9ridiques et est responsable de la communication de toute modification de celles-ci.<\/span><span data-ccp-props=\"{&quot;201341983&quot;:0,&quot;335559739&quot;:160,&quot;335559740&quot;:259}\">\u00a0<\/span><\/p><p><span data-contrast=\"auto\">Le RESPONSABLE informe que toutes les donn\u00e9es demand\u00e9es via le site Web sont obligatoires, car elles sont n\u00e9cessaires \u00e0 la fourniture d&rsquo;un service optimal \u00e0 l&rsquo;UTILISATEUR. Dans le cas o\u00f9 toutes les donn\u00e9es ne sont pas fournies, il n&rsquo;est pas garanti que les informations et les services fournis soient compl\u00e8tement adapt\u00e9s \u00e0 vos besoins.<\/span><span data-ccp-props=\"{&quot;201341983&quot;:0,&quot;335559739&quot;:160,&quot;335559740&quot;:259}\">\u00a0<\/span><\/p><p><span data-ccp-props=\"{&quot;201341983&quot;:0,&quot;335559739&quot;:160,&quot;335559740&quot;:259}\">\u00a0<\/span><\/p><ol start=\"3\"><li><b><span data-contrast=\"auto\"> MESURES DE S\u00c9CURIT\u00c9<\/span><\/b><\/li><\/ol><p><span data-contrast=\"auto\">Que conform\u00e9ment aux dispositions de la r\u00e9glementation en vigueur sur la protection des donn\u00e9es personnelles, le RESPONSABLE se conforme \u00e0 toutes les dispositions des r\u00e9glementations GDPR et LOPDGDD pour le traitement des donn\u00e9es personnelles dont il est responsable, et manifestement aux principes d\u00e9crits \u00e0 l&rsquo;article 5 du RGPD, pour lesquelles elles sont trait\u00e9es de mani\u00e8re licite, loyale et transparente vis-\u00e0-vis de l&rsquo;int\u00e9ress\u00e9 et ad\u00e9quates, pertinentes et limit\u00e9es \u00e0 ce qui est n\u00e9cessaire au regard des finalit\u00e9s pour lesquelles elles sont trait\u00e9es.<\/span><span data-ccp-props=\"{&quot;201341983&quot;:0,&quot;335559739&quot;:160,&quot;335559740&quot;:259}\">\u00a0<\/span><\/p><p><span data-contrast=\"auto\">Le RESPONSABLE garantit qu&rsquo;il a mis en place des politiques techniques et organisationnelles appropri\u00e9es pour appliquer les mesures de s\u00e9curit\u00e9 \u00e9tablies par le RGPD et la LOPDGDD afin de prot\u00e9ger les droits et libert\u00e9s des UTILISATEURS et a communiqu\u00e9 les informations appropri\u00e9es afin qu&rsquo;ils puissent les exercer.<\/span><span data-ccp-props=\"{&quot;201341983&quot;:0,&quot;335559739&quot;:160,&quot;335559740&quot;:259}\">\u00a0<\/span><\/p><p><span data-contrast=\"auto\">Pour plus d&rsquo;informations sur les garanties de confidentialit\u00e9, vous pouvez contacter le CONTR\u00d4LEUR via ARCUSIN S.A. Poligono Ind. Pla de Urgell, Avda Merlet, 8 &#8211; 25245 Vilasana (Lleida). Courriel : protection@www.arcusin.com<\/span><span data-ccp-props=\"{&quot;201341983&quot;:0,&quot;335559739&quot;:160,&quot;335559740&quot;:259}\">\u00a0<\/span><\/p>\t\t\t\t\t\t\t\t<\/div>\n\t\t\t\t<\/div>\n\t\t\t\t\t<\/div>\n\t\t<\/div>\n\t\t\t\t\t<\/div>\n\t\t<\/section>\n\t\t\t\t<\/div>\n\t\t","protected":false},"excerpt":{"rendered":"<p>POLITIQUE DE CONFIDENTIALIT\u00c9 INFORMATIONS \u00c0 L&rsquo;UTILISATEUR Qui est responsable du traitement de vos donn\u00e9es personnelles ?\u00a0 ARCUSIN S.A. est RESPONSABLE du traitement des donn\u00e9es personnelles de l&rsquo;UTILISATEUR et vous informe que ces donn\u00e9es seront trait\u00e9es conform\u00e9ment aux dispositions du r\u00e8glement (UE) 2016\/679 du 27 avril (RGPD) et de la loi organique 3\/2018 du 5 d\u00e9cembre (LOPDGDD).\u00a0 \u00a0 Pourquoi traitons-nous vos donn\u00e9es personnelles et pourquoi le faisons-nous ?\u00a0 Selon le formulaire o\u00f9 nous avons obtenu vos donn\u00e9es personnelles, nous les traiterons de mani\u00e8re confidentielle pour atteindre les objectifs suivants :\u00a0 \u00a0 Dans le formulaire de contact\u00a0 R\u00e9pondre aux questions ou \u00e0 tout type de demande formul\u00e9e par l&rsquo;utilisateur via l&rsquo;un des formulaires de contact mis \u00e0 disposition sur le site Web du responsable. (pour l&rsquo;int\u00e9r\u00eat l\u00e9gitime du responsable, art. 6.1.f RGPD)\u00a0 Envoyer des communications publicitaires commerciales par e-mail, fax, SMS, MMS, r\u00e9seaux sociaux ou tout autre moyen \u00e9lectronique ou physique, pr\u00e9sent ou futur, permettant de r\u00e9aliser des communications commerciales. Ces communications seront faites par le responsable et seront li\u00e9es \u00e0 ses produits et services, ou \u00e0 ses collaborateurs ou fournisseurs, avec lesquels il a conclu un accord promotionnel. Dans ce cas, les tiers n&rsquo;auront jamais acc\u00e8s aux donn\u00e9es personnelles. (avec le consentement de l&rsquo;int\u00e9ress\u00e9, 6.1.a GDPR) R\u00e9aliser des analyses statistiques et des \u00e9tudes de march\u00e9. (pour l&rsquo;int\u00e9r\u00eat l\u00e9gitime du responsable, art. 6.1.f RGPD)\u00a0 \u00a0 Dans le formulaire Newsletter\u00a0 Envoyer des newsletters, des nouvelles, des offres et des promotions en ligne. (avec le consentement de l&rsquo;int\u00e9ress\u00e9, 6.1.a GDPR)\u00a0 \u00a0 Combien de temps conserverons-nous vos donn\u00e9es personnelles ?\u00a0 Ils ne seront pas conserv\u00e9s plus longtemps que n\u00e9cessaire pour maintenir la fin du traitement ou s&rsquo;il existe des prescriptions l\u00e9gales qui dictent leur garde et lorsqu&rsquo;il n&rsquo;est plus n\u00e9cessaire de le faire, ils seront supprim\u00e9s avec des mesures de s\u00e9curit\u00e9 ad\u00e9quates pour garantir l&rsquo;anonymisation du donn\u00e9es ou la destruction totale.\u00a0 \u00a0 A qui fournissons-nous vos donn\u00e9es personnelles ?\u00a0 Aucune communication de donn\u00e9es personnelles \u00e0 des tiers n&rsquo;est pr\u00e9vue sauf, si n\u00e9cessaire pour l&rsquo;\u00e9laboration et l&rsquo;ex\u00e9cution des finalit\u00e9s du traitement, \u00e0 nos prestataires de services li\u00e9s aux communications, avec lesquels le RESPONSABLE a sign\u00e9 les contrats de confidentialit\u00e9 et de gestion des donn\u00e9es de traitement. requis par les r\u00e9glementations en vigueur en mati\u00e8re de confidentialit\u00e9.\u00a0 \u00a0 Quels sont vos droits ?\u00a0 Les droits qui assistent l&rsquo;UTILISATEUR sont :\u00a0 Droit de retirer son consentement \u00e0 tout moment. Droit d&rsquo;acc\u00e8s, de rectification, de portabilit\u00e9 et de suppression de vos donn\u00e9es, et de limitation ou d&rsquo;opposition \u00e0 leur traitement. Droit de d\u00e9poser une r\u00e9clamation aupr\u00e8s de l&rsquo;autorit\u00e9 de contr\u00f4le (www.aepd.es) si vous consid\u00e9rez que le traitement n&rsquo;est pas conforme \u00e0 la r\u00e9glementation en vigueur. \u00a0 Coordonn\u00e9es pour exercer vos droits :\u00a0 ARCUSIN S.A. Poligono Ind. Pla de Urgell, Av. Merlet, 8 &#8211; 25245 Vilasana (Lleida). Courriel : protection@www.arcusin.com\u00a0 \u00a0 CARACTERE OBLIGATOIRE OU FACULTATIF DES INFORMATIONS FOURNIES PAR L&rsquo;UTILISATEUR Les UTILISATEURS, en cochant les cases correspondantes et en saisissant des donn\u00e9es dans les champs, marqu\u00e9s d&rsquo;un ast\u00e9risque (*) dans le formulaire de contact ou pr\u00e9sent\u00e9s dans les formulaires de t\u00e9l\u00e9chargement, acceptent express\u00e9ment et librement et sans \u00e9quivoque que leurs donn\u00e9es sont n\u00e9cessaires pour r\u00e9pondre \u00e0 votre demande, par le fournisseur, l&rsquo;inclusion de donn\u00e9es dans les champs restants \u00e9tant volontaire. L&rsquo;UTILISATEUR garantit que les donn\u00e9es personnelles fournies au CONTR\u00d4LEUR sont v\u00e9ridiques et est responsable de la communication de toute modification de celles-ci.\u00a0 Le RESPONSABLE informe que toutes les donn\u00e9es demand\u00e9es via le site Web sont obligatoires, car elles sont n\u00e9cessaires \u00e0 la fourniture d&rsquo;un service optimal \u00e0 l&rsquo;UTILISATEUR. Dans le cas o\u00f9 toutes les donn\u00e9es ne sont pas fournies, il n&rsquo;est pas garanti que les informations et les services fournis soient compl\u00e8tement adapt\u00e9s \u00e0 vos besoins.\u00a0 \u00a0 MESURES DE S\u00c9CURIT\u00c9 Que conform\u00e9ment aux dispositions de la r\u00e9glementation en vigueur sur la protection des donn\u00e9es personnelles, le RESPONSABLE se conforme \u00e0 toutes les dispositions des r\u00e9glementations GDPR et LOPDGDD pour le traitement des donn\u00e9es personnelles dont il est responsable, et manifestement aux principes d\u00e9crits \u00e0 l&rsquo;article 5 du RGPD, pour lesquelles elles sont trait\u00e9es de mani\u00e8re licite, loyale et transparente vis-\u00e0-vis de l&rsquo;int\u00e9ress\u00e9 et ad\u00e9quates, pertinentes et limit\u00e9es \u00e0 ce qui est n\u00e9cessaire au regard des finalit\u00e9s pour lesquelles elles sont trait\u00e9es.\u00a0 Le RESPONSABLE garantit qu&rsquo;il a mis en place des politiques techniques et organisationnelles appropri\u00e9es pour appliquer les mesures de s\u00e9curit\u00e9 \u00e9tablies par le RGPD et la LOPDGDD afin de prot\u00e9ger les droits et libert\u00e9s des UTILISATEURS et a communiqu\u00e9 les informations appropri\u00e9es afin qu&rsquo;ils puissent les exercer.\u00a0 Pour plus d&rsquo;informations sur les garanties de confidentialit\u00e9, vous pouvez contacter le CONTR\u00d4LEUR via ARCUSIN S.A. Poligono Ind. Pla de Urgell, Avda Merlet, 8 &#8211; 25245 Vilasana (Lleida). Courriel : protection@www.arcusin.com\u00a0<\/p>\n","protected":false},"author":156,"featured_media":0,"parent":0,"menu_order":0,"comment_status":"closed","ping_status":"closed","template":"elementor_header_footer","meta":{"content-type":"","footnotes":""},"class_list":["post-38544","page","type-page","status-publish","hentry"],"_links":{"self":[{"href":"https:\/\/www.arcusin.com\/fr\/wp-json\/wp\/v2\/pages\/38544","targetHints":{"allow":["GET"]}}],"collection":[{"href":"https:\/\/www.arcusin.com\/fr\/wp-json\/wp\/v2\/pages"}],"about":[{"href":"https:\/\/www.arcusin.com\/fr\/wp-json\/wp\/v2\/types\/page"}],"author":[{"embeddable":true,"href":"https:\/\/www.arcusin.com\/fr\/wp-json\/wp\/v2\/users\/156"}],"replies":[{"embeddable":true,"href":"https:\/\/www.arcusin.com\/fr\/wp-json\/wp\/v2\/comments?post=38544"}],"version-history":[{"count":0,"href":"https:\/\/www.arcusin.com\/fr\/wp-json\/wp\/v2\/pages\/38544\/revisions"}],"wp:attachment":[{"href":"https:\/\/www.arcusin.com\/fr\/wp-json\/wp\/v2\/media?parent=38544"}],"curies":[{"name":"wp","href":"https:\/\/api.w.org\/{rel}","templated":true}]}}