{"id":71415,"date":"2026-01-15T09:53:50","date_gmt":"2026-01-15T08:53:50","guid":{"rendered":"https:\/\/www.arcusin.com\/?post_type=product&#038;p=71415"},"modified":"2026-03-06T14:01:30","modified_gmt":"2026-03-06T13:01:30","slug":"chaqueta-vaquera-vintage-unisex-arcusin","status":"publish","type":"product","link":"https:\/\/www.arcusin.com\/es\/producto\/chaqueta-vaquera-vintage-unisex-arcusin\/","title":{"rendered":"CHAQUETA VAQUERA VINTAGE UNISEX ARCUSIN"},"content":{"rendered":"","protected":false},"excerpt":{"rendered":"<p>Chaqueta vaquera de estilo vintage de edici\u00f3n limitada con parches bordados hechos a mano con los ic\u00f3nicos logotipos de las m\u00e1quinas ARCUSIN: Autostack, Forstack y Multipack.<\/p>\n","protected":false},"featured_media":71405,"comment_status":"closed","ping_status":"closed","template":"","meta":{"content-type":""},"product_brand":[],"product_cat":[575],"product_tag":[],"class_list":{"0":"post-71415","1":"product","2":"type-product","3":"status-publish","4":"has-post-thumbnail","6":"product_cat-merchandising","8":"first","9":"outofstock","10":"taxable","11":"shipping-taxable","12":"purchasable","13":"product-type-simple"},"_links":{"self":[{"href":"https:\/\/www.arcusin.com\/es\/wp-json\/wp\/v2\/product\/71415","targetHints":{"allow":["GET"]}}],"collection":[{"href":"https:\/\/www.arcusin.com\/es\/wp-json\/wp\/v2\/product"}],"about":[{"href":"https:\/\/www.arcusin.com\/es\/wp-json\/wp\/v2\/types\/product"}],"replies":[{"embeddable":true,"href":"https:\/\/www.arcusin.com\/es\/wp-json\/wp\/v2\/comments?post=71415"}],"wp:featuredmedia":[{"embeddable":true,"href":"https:\/\/www.arcusin.com\/es\/wp-json\/wp\/v2\/media\/71405"}],"wp:attachment":[{"href":"https:\/\/www.arcusin.com\/es\/wp-json\/wp\/v2\/media?parent=71415"}],"wp:term":[{"taxonomy":"product_brand","embeddable":true,"href":"https:\/\/www.arcusin.com\/es\/wp-json\/wp\/v2\/product_brand?post=71415"},{"taxonomy":"product_cat","embeddable":true,"href":"https:\/\/www.arcusin.com\/es\/wp-json\/wp\/v2\/product_cat?post=71415"},{"taxonomy":"product_tag","embeddable":true,"href":"https:\/\/www.arcusin.com\/es\/wp-json\/wp\/v2\/product_tag?post=71415"}],"curies":[{"name":"wp","href":"https:\/\/api.w.org\/{rel}","templated":true}]}}