{"id":71389,"date":"2026-01-15T09:55:32","date_gmt":"2026-01-15T08:55:32","guid":{"rendered":"https:\/\/www.arcusin.com\/?post_type=product&#038;p=71389"},"modified":"2026-03-06T13:48:05","modified_gmt":"2026-03-06T12:48:05","slug":"gorro-de-punto-arcusin-azul-marino","status":"publish","type":"product","link":"https:\/\/www.arcusin.com\/es\/producto\/gorro-de-punto-arcusin-azul-marino\/","title":{"rendered":"GORRO DE PUNTO ARCUSIN AZUL MARINO"},"content":{"rendered":"","protected":false},"excerpt":{"rendered":"<p>Gorro cl\u00e1sico elaborado 100% acr\u00edlico, que ofrece una sensaci\u00f3n suave y un ajuste c\u00f3modo para el d\u00eda a d\u00eda con un aspecto limpio y minimalista.<\/p>\n","protected":false},"featured_media":71393,"comment_status":"closed","ping_status":"closed","template":"","meta":{"content-type":""},"product_brand":[],"product_cat":[575],"product_tag":[],"class_list":{"0":"post-71389","1":"product","2":"type-product","3":"status-publish","4":"has-post-thumbnail","6":"product_cat-merchandising","8":"first","9":"outofstock","10":"taxable","11":"shipping-taxable","12":"purchasable","13":"product-type-simple"},"_links":{"self":[{"href":"https:\/\/www.arcusin.com\/es\/wp-json\/wp\/v2\/product\/71389","targetHints":{"allow":["GET"]}}],"collection":[{"href":"https:\/\/www.arcusin.com\/es\/wp-json\/wp\/v2\/product"}],"about":[{"href":"https:\/\/www.arcusin.com\/es\/wp-json\/wp\/v2\/types\/product"}],"replies":[{"embeddable":true,"href":"https:\/\/www.arcusin.com\/es\/wp-json\/wp\/v2\/comments?post=71389"}],"wp:featuredmedia":[{"embeddable":true,"href":"https:\/\/www.arcusin.com\/es\/wp-json\/wp\/v2\/media\/71393"}],"wp:attachment":[{"href":"https:\/\/www.arcusin.com\/es\/wp-json\/wp\/v2\/media?parent=71389"}],"wp:term":[{"taxonomy":"product_brand","embeddable":true,"href":"https:\/\/www.arcusin.com\/es\/wp-json\/wp\/v2\/product_brand?post=71389"},{"taxonomy":"product_cat","embeddable":true,"href":"https:\/\/www.arcusin.com\/es\/wp-json\/wp\/v2\/product_cat?post=71389"},{"taxonomy":"product_tag","embeddable":true,"href":"https:\/\/www.arcusin.com\/es\/wp-json\/wp\/v2\/product_tag?post=71389"}],"curies":[{"name":"wp","href":"https:\/\/api.w.org\/{rel}","templated":true}]}}