{"id":39050,"date":"2022-12-28T09:07:38","date_gmt":"2022-12-28T08:07:38","guid":{"rendered":"http:\/\/www.arcusin.com\/cookies-policy\/"},"modified":"2023-06-05T11:30:18","modified_gmt":"2023-06-05T11:30:18","slug":"politica-de-cookies","status":"publish","type":"page","link":"https:\/\/www.arcusin.com\/es\/politica-de-cookies\/","title":{"rendered":"Cookies policy"},"content":{"rendered":"\t\t<div data-elementor-type=\"wp-page\" data-elementor-id=\"39050\" class=\"elementor elementor-39050 elementor-9894\" data-elementor-post-type=\"page\">\n\t\t\t\t\t\t<section class=\"elementor-section elementor-top-section elementor-element elementor-element-58bc346 elementor-section-boxed elementor-section-height-default elementor-section-height-default wpr-particle-no wpr-jarallax-no wpr-parallax-no wpr-sticky-section-no\" data-id=\"58bc346\" data-element_type=\"section\" data-e-type=\"section\">\n\t\t\t\t\t\t<div class=\"elementor-container elementor-column-gap-default\">\n\t\t\t\t\t<div class=\"elementor-column elementor-col-100 elementor-top-column elementor-element elementor-element-8d5a496\" data-id=\"8d5a496\" data-element_type=\"column\" data-e-type=\"column\" data-settings=\"{&quot;background_background&quot;:&quot;classic&quot;}\">\n\t\t\t<div class=\"elementor-widget-wrap elementor-element-populated\">\n\t\t\t\t\t\t<div class=\"elementor-element elementor-element-026f63a elementor-widget elementor-widget-heading\" data-id=\"026f63a\" data-element_type=\"widget\" data-e-type=\"widget\" data-widget_type=\"heading.default\">\n\t\t\t\t<div class=\"elementor-widget-container\">\n\t\t\t\t\t<h2 class=\"elementor-heading-title elementor-size-default\">POL\u00cdTICA DE COOKIES<\/h2>\t\t\t\t<\/div>\n\t\t\t\t<\/div>\n\t\t\t\t\t<\/div>\n\t\t<\/div>\n\t\t\t\t\t<\/div>\n\t\t<\/section>\n\t\t\t\t<section class=\"elementor-section elementor-top-section elementor-element elementor-element-1d484a7 elementor-section-boxed elementor-section-height-default elementor-section-height-default wpr-particle-no wpr-jarallax-no wpr-parallax-no wpr-sticky-section-no\" data-id=\"1d484a7\" data-element_type=\"section\" data-e-type=\"section\">\n\t\t\t\t\t\t<div class=\"elementor-container elementor-column-gap-default\">\n\t\t\t\t\t<div class=\"elementor-column elementor-col-100 elementor-top-column elementor-element elementor-element-18c44a9\" data-id=\"18c44a9\" data-element_type=\"column\" data-e-type=\"column\">\n\t\t\t<div class=\"elementor-widget-wrap elementor-element-populated\">\n\t\t\t\t\t\t<div class=\"elementor-element elementor-element-07b5dfd elementor-widget elementor-widget-text-editor\" data-id=\"07b5dfd\" data-element_type=\"widget\" data-e-type=\"widget\" data-widget_type=\"text-editor.default\">\n\t\t\t\t<div class=\"elementor-widget-container\">\n\t\t\t\t\t\t\t\t\t<p><b>INFORMACI\u00d3N SOBRE COOKIES<\/b><br>Conforme con la Ley 34\/2002, de 11 de julio, de servicios de la sociedad de la informaci\u00f3n y de comercio electr\u00f3nico<br>(LSSI), en relaci\u00f3n con el Reglamento (UE) 2016\/679 del Parlamento Europeo y del Consejo, de 27 de abril de 2016,<br>General de Protecci\u00f3n de Datos (GDPR) y la Ley Org\u00e1nica 3\/2018, de 5 de diciembre, de Protecci\u00f3n de Datos y Garant\u00eda<br>de los Derechos Digitales (LOPDGDD), es obligado obtener el consentimiento expreso del usuario de todas las p\u00e1ginas<br>web que usan cookies prescindibles, antes de que este navegue por ellas.<\/p>\n<p><b>\u00bfQU\u00c9 SON LAS COOKIES?<\/b><br>Las cookies y otras tecnolog\u00edas similares tales como local shared objects, flash cookies o p\u00edxeles, son herramientas<br>empleadas por los servidores Web para almacenar y recuperar informaci\u00f3n acerca de sus visitantes, as\u00ed como para ofrecer<br>un correcto funcionamiento del sitio.<br>Mediante el uso de estos dispositivos se permite al servidor Web recordar algunos datos concernientes al usuario, como<br>sus preferencias para la visualizaci\u00f3n de las p\u00e1ginas de ese servidor, nombre y contrase\u00f1a, productos que m\u00e1s le<br>interesan, etc.<\/p>\n<p><b>COOKIES AFECTADAS POR LA NORMATIVA Y COOKIES EXCEPTUADAS<\/b><br>Seg\u00fan la directiva de la UE, las cookies que requieren el consentimiento informado por parte del usuario son las cookies de<br>anal\u00edtica y las de publicidad y afiliaci\u00f3n, quedando exceptuadas las de car\u00e1cter t\u00e9cnico y las necesarias para el<br>funcionamiento del sitio web o la prestaci\u00f3n de servicios expresamente solicitados por el usuario.<br><b>TIPOS DE COOKIES<br>SEG\u00daN LA FINALIDAD<\/b><\/p>\n<p>Cookies t\u00e9cnicas y funcionales: son aquellas que permiten al usuario la navegaci\u00f3n a trav\u00e9s de una p\u00e1gina web,<br>plataforma o aplicaci\u00f3n y la utilizaci\u00f3n de las diferentes opciones o servicios que en ella existan.<br>Cookies anal\u00edticas: son aquellas que permiten al responsable de las mismas el seguimiento y an\u00e1lisis del<br>comportamiento de los usuarios de los sitios web a los que est\u00e1n vinculadas. La informaci\u00f3n recogida mediante<br>este tipo de cookies se utiliza en la medici\u00f3n de la actividad de los sitios web, aplicaci\u00f3n o plataforma y para la<br>elaboraci\u00f3n de perfiles de navegaci\u00f3n de los usuarios de dichos sitios, aplicaciones y plataformas, con el fin de<br>introducir mejoras en funci\u00f3n del an\u00e1lisis de los datos de uso que hacen los usuarios del servicio.<br>Cookies publicitarias: son aquellas que permiten la gesti\u00f3n, de la forma m\u00e1s eficaz posible, de los espacios<br>publicitarios que, en su caso, el editor haya incluido en una p\u00e1gina web, aplicaci\u00f3n o plataforma desde la que<br>presta el servicio solicitado en base a criterios como el contenido editado o la frecuencia en la que se muestran los<br>anuncios.<br>Cookies de publicidad comportamental: recogen informaci\u00f3n sobre las preferencias y elecciones personales del<br>usuario (retargeting) para permitir la gesti\u00f3n, de la forma m\u00e1s eficaz posible, de los espacios publicitarios que, en<br>su caso, el editor haya incluido en una p\u00e1gina web, aplicaci\u00f3n o plataforma desde la que presta el servicio<br>solicitado.<br>Cookies sociales: son establecidas por las plataformas de redes sociales en los servicios para permitirle compartir<br>contenido con sus amigos y redes. Las plataformas de medios sociales tienen la capacidad de rastrear su actividad<br>en l\u00ednea fuera de los Servicios. Esto puede afectar al contenido y los mensajes que ve en otros servicios que visita.<br>Cookies de afiliados: permiten hacer un seguimiento de las visitas procedentes de otras webs, con las que el sitio<br>web establece un contrato de afiliaci\u00f3n (empresas de afiliaci\u00f3n).<br>Cookies de seguridad: almacenan informaci\u00f3n cifrada para evitar que los datos guardados en ellas sean<br>vulnerables a ataques maliciosos de terceros.<\/p>\n<p><b>SEG\u00daN LA PROPIEDAD<\/b><br>Cookies propias: son aquellas que se env\u00edan al equipo terminal del usuario desde un equipo o dominio gestionado<br>por el propio editor y desde el que se presta el servicio solicitado por el usuario.<br>Cookies de terceros: son aquellas que se env\u00edan al equipo terminal del usuario desde un equipo o dominio que no<br>es gestionado por el editor, sino por otra entidad que trata los datos obtenidos trav\u00e9s de las cookies.<\/p>\n<p><b>SEG\u00daN EL PLAZO DE CONSERVACI\u00d3N<\/b><br>Cookies de sesi\u00f3n: son un tipo de cookies dise\u00f1adas para recabar y almacenar datos mientras el usuario accede<br>a una p\u00e1gina web.<br>Cookies persistentes: son un tipo de cookies en el que los datos siguen almacenados en el terminal y pueden ser<br>accedidos y tratados durante un per\u00edodo definido por el responsable de la cookie, y que puede ir de unos minutos a<br>varios a\u00f1os.<\/p>\n<p><b>TRATAMIENTO DE DATOS PERSONALES<\/b><br>ARCUSIN S.A. es el Responsable del tratamiento de los datos personales del Interesado y le informa de que estos<br>datos ser\u00e1n tratados de conformidad con lo dispuesto en el Reglamento (UE) 2016\/679, de 27 de abril de 2016 (GDPR),<br>por lo que se le facilita la siguiente informaci\u00f3n del tratamiento:<br>Fines del tratamiento: seg\u00fan se especifica en el apartado de cookies que se utilizan en este sitio web.<br>Legitimaci\u00f3n del tratamiento: salvo en los casos en los que resulte necesario para la navegaci\u00f3n por la web, por<br>consentimiento del interesado (art. 6.1 GDPR).<br>Criterios de conservaci\u00f3n de los datos: seg\u00fan se especifica en el apartado de cookies utilizadas en la web.<br>Comunicaci\u00f3n de los datos: no se comunicar\u00e1n los datos a terceros, excepto en cookies propiedad de terceros o por<br>obligaci\u00f3n legal.<br>Derechos que asisten al Interesado:<br>&#8211; Derecho a retirar el consentimiento en cualquier momento.<br>&#8211; Derecho de acceso, rectificaci\u00f3n, portabilidad y supresi\u00f3n de sus datos, y de limitaci\u00f3n u oposici\u00f3n a su tratamiento.<br>&#8211; Derecho a presentar una reclamaci\u00f3n ante la Autoridad de control (www.aepd.es) si considera que el tratamiento no se<br>ajusta a la normativa vigente.<br>Datos de contacto para ejercer sus derechos:<br><\/p>\t\t\t\t\t\t\t\t<\/div>\n\t\t\t\t<\/div>\n\t\t\t\t<div class=\"elementor-element elementor-element-fa14926 elementor-widget elementor-widget-html\" data-id=\"fa14926\" data-element_type=\"widget\" data-e-type=\"widget\" data-widget_type=\"html.default\">\n\t\t\t\t<div class=\"elementor-widget-container\">\n\t\t\t\t\t\r\n<table class=\"table table-striped table-bordered\"><tr><td colspan=\"4\">ARCUSIN S.A.<\/td><\/tr><tr><td>google.com<\/td><td>SOCS<\/td><td>Cookie necesaria para la utilizaci\u00f3n de las opciones y<br\/>servicios del sitio web<\/td><td>en un a\u00f1o<\/td><\/tr><tr><td><\/td><td><\/td><td>Cookie necesaria para la utilizaci\u00f3n de las opciones y<\/td><td><\/td><\/tr><tr><td>vimeo.com<\/td><td>__cf_bm<\/td><td>servicios del sitio web<\/td><td>Sesi\u00f3n<\/td><\/tr><tr><td><\/td><td><\/td><td>Cookie necesaria para la utilizaci\u00f3n de las opciones y<\/td><td><\/td><\/tr><tr><td>vimeo.com<\/td><td>player<\/td><td><\/td><td>en un a\u00f1o<\/td><\/tr><tr><td><\/td><td><\/td><td>servicios del sitio web<\/td><td><\/td><\/tr><tr><td><\/td><td><\/td><td>Cookie necesaria para la utilizaci\u00f3n de las opciones y<\/td><td><\/td><\/tr><tr><td>vimeo.com<\/td><td>vuid<\/td><td>servicios del sitio web<\/td><td>en 2 a\u00f1os<\/td><\/tr><tr><td colspan=\"4\">Anal\u00edticas<\/td><\/tr><tr><td>Propiedad<\/td><td>Cookie<\/td><td>Finalidad<\/td><td>Plazo<\/td><\/tr><tr><td><\/td><td>__Secure-3PAPISI<\/td><td>Estas cookies se utilizan para entregar anuncios m\u00e1s<\/td><td><\/td><\/tr><tr><td>google.com<\/td><td>D<\/td><td>relevantes para usted y sus intereses.<\/td><td>en 2 a\u00f1os<\/td><\/tr><tr><td><\/td><td><\/td><td>Estas cookies se utilizan para entregar anuncios m\u00e1s<\/td><td><\/td><\/tr><tr><td>google.com<\/td><td>__Secure-3PSID<\/td><td>relevantes para usted y sus intereses.<\/td><td>en 2 a\u00f1os<\/td><\/tr><tr><td colspan=\"4\">Publicitarias<\/td><\/tr><tr><td>Propiedad<\/td><td>Cookie<\/td><td>Finalidad<\/td><td>Plazo<\/td><\/tr><tr><td>arcusin.com<\/td><td>_gcl_au<\/td><td>Utilizado por Google AdSense para experimentar con la<br\/>publicidad a trav\u00e9s de la eficiencia de sitios web que utilizan<br\/>sus servicios.<\/td><td>en 3 meses<\/td><\/tr><tr><td>google.com<\/td><td>APISID<\/td><td>Descargar ciertas herramientas de Google y guardar ciertas<br\/>preferencias, por ejemplo, el n\u00famero de resultados de la<br\/>b\u00fasqueda por hoja o la activaci\u00f3n del filtro SafeSearch. Ajusta<br\/>los anuncios que aparecen en la b\u00fasqueda de Google.<\/td><td>en 2 a\u00f1os<\/td><\/tr><tr><td>google.com<\/td><td>HSID<\/td><td>Descargar ciertas herramientas de Google y guardar ciertas<br\/>preferencias, por ejemplo, el n\u00famero de resultados de la<br\/>b\u00fasqueda por hoja o la activaci\u00f3n del filtro SafeSearch. Ajusta<br\/>los anuncios que aparecen en la b\u00fasqueda de Google.<\/td><td>en 2 a\u00f1os<\/td><\/tr><tr><td>google.com<\/td><td>NID<\/td><td>Estas cookies se utilizan para recopilar estad\u00edsticas del sitio<br\/>web y rastrear las tasas de conversi\u00f3n y la personalizaci\u00f3n de<br\/>anuncios de Google<\/td><td>en 7 meses<\/td><\/tr><tr><td>google.com<\/td><td>OTZ<\/td><td>An\u00e1lisis agregado de los visitantes del sitio<\/td><td>en 17 horas<\/td><\/tr><tr><td><\/td><td><\/td><td>Descargar ciertas herramientas de Google y guardar ciertas<\/td><td><\/td><\/tr><tr><td><\/td><td><\/td><td>preferencias, por ejemplo, el n\u00famero de resultados de la<\/td><td><\/td><\/tr><tr><td>google.com<\/td><td>SAPISID<\/td><td>b\u00fasqueda por hoja o la activaci\u00f3n del filtro SafeSearch. Ajusta<\/td><td>en 2 a\u00f1os<\/td><\/tr><tr><td><\/td><td><\/td><td>los anuncios que aparecen en la b\u00fasqueda de Google.<\/td><td><\/td><\/tr><tr><td>google.com<\/td><td>SID<\/td><td>Descargar ciertas herramientas de Google y guardar ciertas<br\/>preferencias, por ejemplo, el n\u00famero de resultados de la<br\/>b\u00fasqueda por hoja o la activaci\u00f3n del filtro SafeSearch. Ajusta<br\/>los anuncios que aparecen en la b\u00fasqueda de Google.<\/td><td>en 2 a\u00f1os<\/td><\/tr><tr><td>google.com<\/td><td>SIDCC<\/td><td>Descargar ciertas herramientas de Google y guardar ciertas<br\/>preferencias, por ejemplo, el n\u00famero de resultados de la<br\/>b\u00fasqueda por hoja o la activaci\u00f3n del filtro SafeSearch. Ajusta<br\/>los anuncios que aparecen en la b\u00fasqueda de Google.<\/td><td>en 11 meses<\/td><\/tr><tr><td colspan=\"4\">ARCUSIN S.A.<\/td><\/tr><tr><td colspan=\"4\">P. 4 Poligono Ind. Pla de Urgell, Avda. Merlet, 8 - 25245 Vilasana (Lleida)<\/td><\/tr><\/table>\r\n<table class=\"table table-striped table-bordered\"><tr><td colspan=\"3\">ARCUSIN S.A.<\/td><\/tr><tr><td><\/td><td><\/td><td>Descarga ciertas herramientas de Google y guarda ciertas<\/td><\/tr><tr><td><\/td><td><\/td><td>preferencias, por ejemplo, el n\u00famero de resultados de<\/td><\/tr><tr><td>google.com<\/td><td>SSID<\/td><td>en 2 a\u00f1os<\/td><\/tr><tr><td><\/td><td><\/td><td>b\u00fasqueda por p\u00e1gina o la activaci\u00f3n del filtro SafeSearch.<\/td><\/tr><tr><td><\/td><td><\/td><td>Ajusta los anuncios que aparecen en la B\u00fasqueda de Google.<\/td><\/tr><tr><td colspan=\"3\">COOKIES DE TERCEROS<\/td><\/tr><tr><td colspan=\"3\">Los servicios de terceros son ajenos al control del editor. Los proveedores pueden modificar en todo momento sus<\/td><\/tr><tr><td colspan=\"3\">condiciones de servicio, finalidad y utilizaci\u00f3n de las cookies, etc.<\/td><\/tr><tr><td colspan=\"3\">Proveedores externos de este sitio web:<\/td><\/tr><tr><td><\/td><td>Editor<\/td><td>Pol\u00edtica de privacidad<\/td><\/tr><tr><td>Google<\/td><td><\/td><td>https:\/\/privacy.google.com\/take-control.html<\/td><\/tr><tr><td>Google<\/td><td><\/td><td>https:\/\/safety.google\/privacy\/privacy-controls\/<\/td><\/tr><tr><td colspan=\"3\">PANEL DE CONFIGURACI\u00d3N DE COOKIES<\/td><\/tr><tr><td colspan=\"3\">Desde este panel podr\u00e1 configurar las cookies que el sitio web puede instalar en su navegador, excepto las cookies<\/td><\/tr><tr><td colspan=\"3\">t\u00e9cnicas o funcionales que son necesarias para la navegaci\u00f3n y la utilizaci\u00f3n de las diferentes opciones o servicios que se<\/td><\/tr><tr><td colspan=\"3\">ofrecen.<\/td><\/tr><tr><td colspan=\"3\">Panel de cookies<\/td><\/tr><tr><td><\/td><td><\/td><td>C\u00d3MO GESTIONAR LAS COOKIES DESDE EL NAVEGADOR<\/td><\/tr><tr><td><\/td><td><\/td><td>Las cookies que ya est\u00e1n en un dispositivo se pueden eliminar borrando el historial del<\/td><\/tr><tr><td colspan=\"2\">Eliminar las cookies del<\/td><td>navegador, con lo que se suprimen las cookies de todos los sitios web visitados.<\/td><\/tr><tr><td>dispositivo<\/td><td><\/td><td>Sin embargo, tambi\u00e9n se puede perder parte de la informaci\u00f3n guardada (por ejemplo,<\/td><\/tr><tr><td><\/td><td><\/td><td>los datos de inicio de sesi\u00f3n o las preferencias de sitio web).<\/td><\/tr><tr><td colspan=\"2\">Gestionar las cookies espec\u00edficas<br\/>del sitio<\/td><td>Para tener un control m\u00e1s preciso de las cookies espec\u00edficas de cada sitio, los usuarios<br\/>pueden ajustar su configuraci\u00f3n de privacidad y cookies en el navegador.<\/td><\/tr><tr><td><\/td><td><\/td><td>Aunque la mayor\u00eda de los navegadores modernos se pueden configurar para evitar que<\/td><\/tr><tr><td><\/td><td><\/td><td>se instalen cookies en los dispositivos, eso puede obligar al ajuste manual de<\/td><\/tr><tr><td colspan=\"2\">Bloquear las cookies<\/td><td>determinadas preferencias cada vez que se visite un sitio o p\u00e1gina. Adem\u00e1s, algunos<\/td><\/tr><tr><td><\/td><td><\/td><td>servicios y caracter\u00edsticas pueden no funcionar correctamente (por ejemplo, los inicios de<\/td><\/tr><tr><td><\/td><td><\/td><td>sesi\u00f3n con perfil).<\/td><\/tr><tr><td><\/td><td><\/td><td>C\u00d3MO ELIMINAR LAS COOKIES DE LOS NAVEGADORES M\u00c1S COMUNES<\/td><\/tr><tr><td>Chrome<\/td><td colspan=\"2\">http:\/\/support.google.com\/chrome\/answer\/95647?hl=es<\/td><\/tr><tr><td>Edge<\/td><td colspan=\"2\">https:\/\/support.microsoft.com\/es-es\/microsoft-edge\/eliminar-las-cookies-en-microsoft-edge-63947406-40ac-c3b8-57b9-2a946a29ae09<\/td><\/tr><tr><td>Explorer<\/td><td colspan=\"2\">https:\/\/support.microsoft.com\/es-es\/help\/278835\/how-to-delete-cookie-files-in-internet-explorer<\/td><\/tr><tr><td>Firefox<\/td><td colspan=\"2\">https:\/\/www.mozilla.org\/es-ES\/privacy\/websites\/#cookies<\/td><\/tr><tr><td>Safari<\/td><td colspan=\"2\">https:\/\/support.apple.com\/es-es\/guide\/safari\/sfri11471\/mac<\/td><\/tr><tr><td>Opera<\/td><td colspan=\"2\">https:\/\/help.opera.com\/en\/latest\/security-and-privacy\/#clearBrowsingData<\/td><\/tr><tr><td colspan=\"2\"><\/td><td>ARCUSIN S.A.<\/td><\/tr><tr><td colspan=\"2\">P. 5<\/td><\/tr><\/table>\r\n\r\n\t\t\t\t<\/div>\n\t\t\t\t<\/div>\n\t\t\t\t\t<\/div>\n\t\t<\/div>\n\t\t\t\t\t<\/div>\n\t\t<\/section>\n\t\t\t\t<\/div>\n\t\t","protected":false},"excerpt":{"rendered":"<p>POL\u00cdTICA DE COOKIES INFORMACI\u00d3N SOBRE COOKIESConforme con la Ley 34\/2002, de 11 de julio, de servicios de la sociedad de la informaci\u00f3n y de comercio electr\u00f3nico(LSSI), en relaci\u00f3n con el Reglamento (UE) 2016\/679 del Parlamento Europeo y del Consejo, de 27 de abril de 2016,General de Protecci\u00f3n de Datos (GDPR) y la Ley Org\u00e1nica 3\/2018, de 5 de diciembre, de Protecci\u00f3n de Datos y Garant\u00edade los Derechos Digitales (LOPDGDD), es obligado obtener el consentimiento expreso del usuario de todas las p\u00e1ginasweb que usan cookies prescindibles, antes de que este navegue por ellas. \u00bfQU\u00c9 SON LAS COOKIES?Las cookies y otras tecnolog\u00edas similares tales como local shared objects, flash cookies o p\u00edxeles, son herramientasempleadas por los servidores Web para almacenar y recuperar informaci\u00f3n acerca de sus visitantes, as\u00ed como para ofrecerun correcto funcionamiento del sitio.Mediante el uso de estos dispositivos se permite al servidor Web recordar algunos datos concernientes al usuario, comosus preferencias para la visualizaci\u00f3n de las p\u00e1ginas de ese servidor, nombre y contrase\u00f1a, productos que m\u00e1s leinteresan, etc. COOKIES AFECTADAS POR LA NORMATIVA Y COOKIES EXCEPTUADASSeg\u00fan la directiva de la UE, las cookies que requieren el consentimiento informado por parte del usuario son las cookies deanal\u00edtica y las de publicidad y afiliaci\u00f3n, quedando exceptuadas las de car\u00e1cter t\u00e9cnico y las necesarias para elfuncionamiento del sitio web o la prestaci\u00f3n de servicios expresamente solicitados por el usuario.TIPOS DE COOKIESSEG\u00daN LA FINALIDAD Cookies t\u00e9cnicas y funcionales: son aquellas que permiten al usuario la navegaci\u00f3n a trav\u00e9s de una p\u00e1gina web,plataforma o aplicaci\u00f3n y la utilizaci\u00f3n de las diferentes opciones o servicios que en ella existan.Cookies anal\u00edticas: son aquellas que permiten al responsable de las mismas el seguimiento y an\u00e1lisis delcomportamiento de los usuarios de los sitios web a los que est\u00e1n vinculadas. La informaci\u00f3n recogida medianteeste tipo de cookies se utiliza en la medici\u00f3n de la actividad de los sitios web, aplicaci\u00f3n o plataforma y para laelaboraci\u00f3n de perfiles de navegaci\u00f3n de los usuarios de dichos sitios, aplicaciones y plataformas, con el fin deintroducir mejoras en funci\u00f3n del an\u00e1lisis de los datos de uso que hacen los usuarios del servicio.Cookies publicitarias: son aquellas que permiten la gesti\u00f3n, de la forma m\u00e1s eficaz posible, de los espaciospublicitarios que, en su caso, el editor haya incluido en una p\u00e1gina web, aplicaci\u00f3n o plataforma desde la quepresta el servicio solicitado en base a criterios como el contenido editado o la frecuencia en la que se muestran losanuncios.Cookies de publicidad comportamental: recogen informaci\u00f3n sobre las preferencias y elecciones personales delusuario (retargeting) para permitir la gesti\u00f3n, de la forma m\u00e1s eficaz posible, de los espacios publicitarios que, ensu caso, el editor haya incluido en una p\u00e1gina web, aplicaci\u00f3n o plataforma desde la que presta el serviciosolicitado.Cookies sociales: son establecidas por las plataformas de redes sociales en los servicios para permitirle compartircontenido con sus amigos y redes. Las plataformas de medios sociales tienen la capacidad de rastrear su actividaden l\u00ednea fuera de los Servicios. Esto puede afectar al contenido y los mensajes que ve en otros servicios que visita.Cookies de afiliados: permiten hacer un seguimiento de las visitas procedentes de otras webs, con las que el sitioweb establece un contrato de afiliaci\u00f3n (empresas de afiliaci\u00f3n).Cookies de seguridad: almacenan informaci\u00f3n cifrada para evitar que los datos guardados en ellas seanvulnerables a ataques maliciosos de terceros. SEG\u00daN LA PROPIEDADCookies propias: son aquellas que se env\u00edan al equipo terminal del usuario desde un equipo o dominio gestionadopor el propio editor y desde el que se presta el servicio solicitado por el usuario.Cookies de terceros: son aquellas que se env\u00edan al equipo terminal del usuario desde un equipo o dominio que noes gestionado por el editor, sino por otra entidad que trata los datos obtenidos trav\u00e9s de las cookies. SEG\u00daN EL PLAZO DE CONSERVACI\u00d3NCookies de sesi\u00f3n: son un tipo de cookies dise\u00f1adas para recabar y almacenar datos mientras el usuario accedea una p\u00e1gina web.Cookies persistentes: son un tipo de cookies en el que los datos siguen almacenados en el terminal y pueden seraccedidos y tratados durante un per\u00edodo definido por el responsable de la cookie, y que puede ir de unos minutos avarios a\u00f1os. TRATAMIENTO DE DATOS PERSONALESARCUSIN S.A. es el Responsable del tratamiento de los datos personales del Interesado y le informa de que estosdatos ser\u00e1n tratados de conformidad con lo dispuesto en el Reglamento (UE) 2016\/679, de 27 de abril de 2016 (GDPR),por lo que se le facilita la siguiente informaci\u00f3n del tratamiento:Fines del tratamiento: seg\u00fan se especifica en el apartado de cookies que se utilizan en este sitio web.Legitimaci\u00f3n del tratamiento: salvo en los casos en los que resulte necesario para la navegaci\u00f3n por la web, porconsentimiento del interesado (art. 6.1 GDPR).Criterios de conservaci\u00f3n de los datos: seg\u00fan se especifica en el apartado de cookies utilizadas en la web.Comunicaci\u00f3n de los datos: no se comunicar\u00e1n los datos a terceros, excepto en cookies propiedad de terceros o porobligaci\u00f3n legal.Derechos que asisten al Interesado:&#8211; Derecho a retirar el consentimiento en cualquier momento.&#8211; Derecho de acceso, rectificaci\u00f3n, portabilidad y supresi\u00f3n de sus datos, y de limitaci\u00f3n u oposici\u00f3n a su tratamiento.&#8211; Derecho a presentar una reclamaci\u00f3n ante la Autoridad de control (www.aepd.es) si considera que el tratamiento no seajusta a la normativa vigente.Datos de contacto para ejercer sus derechos: ARCUSIN S.A. google.com SOCS Cookie necesaria para la utilizaci\u00f3n de las opciones yservicios del sitio web en un a\u00f1o Cookie necesaria para la utilizaci\u00f3n de las opciones y vimeo.com __cf_bm servicios del sitio web Sesi\u00f3n Cookie necesaria para la utilizaci\u00f3n de las opciones y vimeo.com player en un a\u00f1o servicios del sitio web Cookie necesaria para la utilizaci\u00f3n de las opciones y vimeo.com vuid servicios del sitio web en 2 a\u00f1os Anal\u00edticas Propiedad Cookie Finalidad Plazo __Secure-3PAPISI Estas cookies se utilizan para entregar anuncios m\u00e1s google.com D relevantes para usted y sus intereses. en 2 a\u00f1os Estas cookies se utilizan para entregar anuncios m\u00e1s google.com __Secure-3PSID relevantes para usted y sus intereses. en 2 a\u00f1os Publicitarias Propiedad Cookie Finalidad Plazo arcusin.com _gcl_au Utilizado por Google AdSense para experimentar con lapublicidad a trav\u00e9s<\/p>\n","protected":false},"author":156,"featured_media":0,"parent":0,"menu_order":0,"comment_status":"closed","ping_status":"closed","template":"elementor_header_footer","meta":{"content-type":"","footnotes":""},"class_list":["post-39050","page","type-page","status-publish","hentry"],"_links":{"self":[{"href":"https:\/\/www.arcusin.com\/es\/wp-json\/wp\/v2\/pages\/39050","targetHints":{"allow":["GET"]}}],"collection":[{"href":"https:\/\/www.arcusin.com\/es\/wp-json\/wp\/v2\/pages"}],"about":[{"href":"https:\/\/www.arcusin.com\/es\/wp-json\/wp\/v2\/types\/page"}],"author":[{"embeddable":true,"href":"https:\/\/www.arcusin.com\/es\/wp-json\/wp\/v2\/users\/156"}],"replies":[{"embeddable":true,"href":"https:\/\/www.arcusin.com\/es\/wp-json\/wp\/v2\/comments?post=39050"}],"version-history":[{"count":0,"href":"https:\/\/www.arcusin.com\/es\/wp-json\/wp\/v2\/pages\/39050\/revisions"}],"wp:attachment":[{"href":"https:\/\/www.arcusin.com\/es\/wp-json\/wp\/v2\/media?parent=39050"}],"curies":[{"name":"wp","href":"https:\/\/api.w.org\/{rel}","templated":true}]}}